{"id":1512,"date":"2020-10-23T17:12:00","date_gmt":"2020-10-23T15:12:00","guid":{"rendered":"https:\/\/www.grundei.de\/?page_id=1512"},"modified":"2025-02-19T16:46:23","modified_gmt":"2025-02-19T15:46:23","slug":"der-neue-riementisch","status":"publish","type":"page","link":"https:\/\/www.grundei.de\/de_DE\/der-neue-riementisch\/","title":{"rendered":"Der NEUE RiemenHUBTISCH"},"content":{"rendered":"\n<h2 class=\"wp-block-heading has-medium-font-size\">Generation 5.0<\/h2>\n\n\n\n<p><\/p>\n\n\n\n<figure class=\"wp-block-video\"><video controls src=\"https:\/\/www.grundei.de\/wp-content\/uploads\/2025\/02\/Grundei-Belt-Scissor-Lift-HD.mp4\"><\/video><\/figure>\n\n\n\n<figure class=\"wp-block-image size-large\"><img loading=\"lazy\" decoding=\"async\" width=\"474\" height=\"366\" data-attachment-id=\"1513\" data-permalink=\"https:\/\/www.grundei.de\/de_DE\/der-neue-riementisch\/grafik1\/\" data-orig-file=\"https:\/\/i0.wp.com\/www.grundei.de\/wp-content\/uploads\/2020\/10\/Grafik1.jpg?fit=1117%2C863&amp;ssl=1\" data-orig-size=\"1117,863\" data-comments-opened=\"1\" data-image-meta=\"{&quot;aperture&quot;:&quot;0&quot;,&quot;credit&quot;:&quot;&quot;,&quot;camera&quot;:&quot;&quot;,&quot;caption&quot;:&quot;&quot;,&quot;created_timestamp&quot;:&quot;0&quot;,&quot;copyright&quot;:&quot;&quot;,&quot;focal_length&quot;:&quot;0&quot;,&quot;iso&quot;:&quot;0&quot;,&quot;shutter_speed&quot;:&quot;0&quot;,&quot;title&quot;:&quot;&quot;,&quot;orientation&quot;:&quot;0&quot;}\" data-image-title=\"Grafik1\" data-image-description=\"\" data-image-caption=\"\" data-medium-file=\"https:\/\/i0.wp.com\/www.grundei.de\/wp-content\/uploads\/2020\/10\/Grafik1.jpg?fit=300%2C232&amp;ssl=1\" data-large-file=\"https:\/\/i0.wp.com\/www.grundei.de\/wp-content\/uploads\/2020\/10\/Grafik1.jpg?fit=474%2C366&amp;ssl=1\" src=\"https:\/\/i0.wp.com\/www.grundei.de\/wp-content\/uploads\/2020\/10\/Grafik1.jpg?resize=474%2C366&#038;ssl=1\" alt=\"\" class=\"wp-image-1513\" srcset=\"https:\/\/i0.wp.com\/www.grundei.de\/wp-content\/uploads\/2020\/10\/Grafik1.jpg?resize=1024%2C791&amp;ssl=1 1024w, https:\/\/i0.wp.com\/www.grundei.de\/wp-content\/uploads\/2020\/10\/Grafik1.jpg?resize=300%2C232&amp;ssl=1 300w, https:\/\/i0.wp.com\/www.grundei.de\/wp-content\/uploads\/2020\/10\/Grafik1.jpg?resize=768%2C593&amp;ssl=1 768w, https:\/\/i0.wp.com\/www.grundei.de\/wp-content\/uploads\/2020\/10\/Grafik1.jpg?w=1117&amp;ssl=1 1117w, https:\/\/i0.wp.com\/www.grundei.de\/wp-content\/uploads\/2020\/10\/Grafik1.jpg?w=948&amp;ssl=1 948w\" sizes=\"(max-width: 474px) 100vw, 474px\" data-recalc-dims=\"1\" \/><\/figure>\n\n\n\n<p><\/p>\n\n\n\n<p style=\"font-size:18px\">Grundei Riementische sind durch die Bauart mit dem Kniehebel in der ausgefahrenen Position sehr steif (unnachgiebig). Der Kniehebel wirkt wie eine St\u00fctze zwischen den Scherenbl\u00e4ttern. Durch den Kniehebel werden in der ausgefahrenen Position die Gurtkr\u00e4fte sehr gering.<\/p>\n\n\n\n<figure class=\"wp-block-image size-large\"><img loading=\"lazy\" decoding=\"async\" width=\"474\" height=\"366\" data-attachment-id=\"1514\" data-permalink=\"https:\/\/www.grundei.de\/de_DE\/der-neue-riementisch\/grafik2\/\" data-orig-file=\"https:\/\/i0.wp.com\/www.grundei.de\/wp-content\/uploads\/2020\/10\/Grafik2.jpg?fit=1103%2C852&amp;ssl=1\" data-orig-size=\"1103,852\" data-comments-opened=\"1\" data-image-meta=\"{&quot;aperture&quot;:&quot;0&quot;,&quot;credit&quot;:&quot;&quot;,&quot;camera&quot;:&quot;&quot;,&quot;caption&quot;:&quot;&quot;,&quot;created_timestamp&quot;:&quot;0&quot;,&quot;copyright&quot;:&quot;&quot;,&quot;focal_length&quot;:&quot;0&quot;,&quot;iso&quot;:&quot;0&quot;,&quot;shutter_speed&quot;:&quot;0&quot;,&quot;title&quot;:&quot;&quot;,&quot;orientation&quot;:&quot;0&quot;}\" data-image-title=\"Grafik2\" data-image-description=\"\" data-image-caption=\"\" data-medium-file=\"https:\/\/i0.wp.com\/www.grundei.de\/wp-content\/uploads\/2020\/10\/Grafik2.jpg?fit=300%2C232&amp;ssl=1\" data-large-file=\"https:\/\/i0.wp.com\/www.grundei.de\/wp-content\/uploads\/2020\/10\/Grafik2.jpg?fit=474%2C366&amp;ssl=1\" src=\"https:\/\/i0.wp.com\/www.grundei.de\/wp-content\/uploads\/2020\/10\/Grafik2.jpg?resize=474%2C366&#038;ssl=1\" alt=\"\" class=\"wp-image-1514\" srcset=\"https:\/\/i0.wp.com\/www.grundei.de\/wp-content\/uploads\/2020\/10\/Grafik2.jpg?resize=1024%2C791&amp;ssl=1 1024w, https:\/\/i0.wp.com\/www.grundei.de\/wp-content\/uploads\/2020\/10\/Grafik2.jpg?resize=300%2C232&amp;ssl=1 300w, https:\/\/i0.wp.com\/www.grundei.de\/wp-content\/uploads\/2020\/10\/Grafik2.jpg?resize=768%2C593&amp;ssl=1 768w, https:\/\/i0.wp.com\/www.grundei.de\/wp-content\/uploads\/2020\/10\/Grafik2.jpg?w=1103&amp;ssl=1 1103w, https:\/\/i0.wp.com\/www.grundei.de\/wp-content\/uploads\/2020\/10\/Grafik2.jpg?w=948&amp;ssl=1 948w\" sizes=\"(max-width: 474px) 100vw, 474px\" data-recalc-dims=\"1\" \/><\/figure>\n\n\n\n<p style=\"font-size:18px\">In unseren ausf\u00fchrlichen und umfassenden Tests mit einer Tonne F\u00f6rderlast, wurde der Hebetisch ungeladen hochgefahren und in oberer Position belastet. Der Oberrahmen gab nicht mehr als 2 mm nach.<\/p>\n\n\n\n<p style=\"font-size:18px\">Durch das mechanische System sackt der Oberrahmen nicht wie ein Hydraulischer Hebetisch \u00fcber die Zeit ab.<\/p>\n\n\n\n<p style=\"font-size:18px\">Darstellung der Gurtkraft \u00fcber einen Hub von drei Metern.<\/p>\n\n\n\n<p style=\"font-size:18px\">Der Kniehebel nimmt \u00fcber den Hub die Kraft aus dem System.<\/p>\n\n\n\n<figure class=\"wp-block-image size-large\"><img loading=\"lazy\" decoding=\"async\" width=\"474\" height=\"271\" data-attachment-id=\"1517\" data-permalink=\"https:\/\/www.grundei.de\/de_DE\/der-neue-riementisch\/grafik5\/\" data-orig-file=\"https:\/\/i0.wp.com\/www.grundei.de\/wp-content\/uploads\/2020\/10\/Grafik5.jpg?fit=965%2C552&amp;ssl=1\" data-orig-size=\"965,552\" data-comments-opened=\"1\" data-image-meta=\"{&quot;aperture&quot;:&quot;0&quot;,&quot;credit&quot;:&quot;Peterseim&quot;,&quot;camera&quot;:&quot;&quot;,&quot;caption&quot;:&quot;&quot;,&quot;created_timestamp&quot;:&quot;1603468768&quot;,&quot;copyright&quot;:&quot;&quot;,&quot;focal_length&quot;:&quot;0&quot;,&quot;iso&quot;:&quot;0&quot;,&quot;shutter_speed&quot;:&quot;0&quot;,&quot;title&quot;:&quot;&quot;,&quot;orientation&quot;:&quot;0&quot;}\" data-image-title=\"Grafik5\" data-image-description=\"\" data-image-caption=\"\" data-medium-file=\"https:\/\/i0.wp.com\/www.grundei.de\/wp-content\/uploads\/2020\/10\/Grafik5.jpg?fit=300%2C172&amp;ssl=1\" data-large-file=\"https:\/\/i0.wp.com\/www.grundei.de\/wp-content\/uploads\/2020\/10\/Grafik5.jpg?fit=474%2C271&amp;ssl=1\" src=\"https:\/\/i0.wp.com\/www.grundei.de\/wp-content\/uploads\/2020\/10\/Grafik5.jpg?resize=474%2C271&#038;ssl=1\" alt=\"\" class=\"wp-image-1517\" srcset=\"https:\/\/i0.wp.com\/www.grundei.de\/wp-content\/uploads\/2020\/10\/Grafik5.jpg?w=965&amp;ssl=1 965w, https:\/\/i0.wp.com\/www.grundei.de\/wp-content\/uploads\/2020\/10\/Grafik5.jpg?resize=300%2C172&amp;ssl=1 300w, https:\/\/i0.wp.com\/www.grundei.de\/wp-content\/uploads\/2020\/10\/Grafik5.jpg?resize=768%2C439&amp;ssl=1 768w\" sizes=\"(max-width: 474px) 100vw, 474px\" data-recalc-dims=\"1\" \/><\/figure>\n\n\n\n<p style=\"font-size:18px\">Hierdurch erreichen wir hohe Sicherheiten im Gurt und k\u00f6nnen PLD Hubtische mit 3 Gurten anbieten. F\u00fcr PLD Hubtische ben\u00f6tigt man ein redundantes Antriebsystem und eine Gurtsicherheit von mindestens dem 10-fachen.<\/p>\n\n\n\n<p style=\"font-size:18px\">Durch den Kniehebel ergibt sich in ausgefahrener Position eine Gurtsicherheit von \u00fcber dem 25-fachen.<\/p>\n\n\n\n<figure class=\"wp-block-image size-large\"><img loading=\"lazy\" decoding=\"async\" width=\"474\" height=\"366\" data-attachment-id=\"1515\" data-permalink=\"https:\/\/www.grundei.de\/de_DE\/der-neue-riementisch\/grafik3\/\" data-orig-file=\"https:\/\/i0.wp.com\/www.grundei.de\/wp-content\/uploads\/2020\/10\/Grafik3.jpg?fit=1127%2C870&amp;ssl=1\" data-orig-size=\"1127,870\" data-comments-opened=\"1\" data-image-meta=\"{&quot;aperture&quot;:&quot;0&quot;,&quot;credit&quot;:&quot;&quot;,&quot;camera&quot;:&quot;&quot;,&quot;caption&quot;:&quot;&quot;,&quot;created_timestamp&quot;:&quot;0&quot;,&quot;copyright&quot;:&quot;&quot;,&quot;focal_length&quot;:&quot;0&quot;,&quot;iso&quot;:&quot;0&quot;,&quot;shutter_speed&quot;:&quot;0&quot;,&quot;title&quot;:&quot;&quot;,&quot;orientation&quot;:&quot;0&quot;}\" data-image-title=\"Grafik3\" data-image-description=\"\" data-image-caption=\"\" data-medium-file=\"https:\/\/i0.wp.com\/www.grundei.de\/wp-content\/uploads\/2020\/10\/Grafik3.jpg?fit=300%2C232&amp;ssl=1\" data-large-file=\"https:\/\/i0.wp.com\/www.grundei.de\/wp-content\/uploads\/2020\/10\/Grafik3.jpg?fit=474%2C366&amp;ssl=1\" src=\"https:\/\/i0.wp.com\/www.grundei.de\/wp-content\/uploads\/2020\/10\/Grafik3.jpg?resize=474%2C366&#038;ssl=1\" alt=\"\" class=\"wp-image-1515\" srcset=\"https:\/\/i0.wp.com\/www.grundei.de\/wp-content\/uploads\/2020\/10\/Grafik3.jpg?resize=1024%2C790&amp;ssl=1 1024w, https:\/\/i0.wp.com\/www.grundei.de\/wp-content\/uploads\/2020\/10\/Grafik3.jpg?resize=300%2C232&amp;ssl=1 300w, https:\/\/i0.wp.com\/www.grundei.de\/wp-content\/uploads\/2020\/10\/Grafik3.jpg?resize=768%2C593&amp;ssl=1 768w, https:\/\/i0.wp.com\/www.grundei.de\/wp-content\/uploads\/2020\/10\/Grafik3.jpg?w=1127&amp;ssl=1 1127w, https:\/\/i0.wp.com\/www.grundei.de\/wp-content\/uploads\/2020\/10\/Grafik3.jpg?w=948&amp;ssl=1 948w\" sizes=\"(max-width: 474px) 100vw, 474px\" data-recalc-dims=\"1\" \/><\/figure>\n\n\n\n<p style=\"font-size:18px\">Die Weiterentwicklung des Grundei Riementisches hat eine spezielle Kurvengeometrie ergeben. Diese Kurve bewirkt, dass \u00fcber den gesamten Hub, Hebetische eine konstante Geschwindigkeit des Oberrahmens haben. Dadurch ist die Leistung, um den Hebetisch zu heben, \u00fcber den gesamten Hub konstant. Da die Motoren im optimalen Arbeitspunkt arbeiten, wird die installierte Leistung erheblich verringert (um bis zu 40%).<\/p>\n\n\n\n<p><\/p>\n\n\n\n<figure class=\"wp-block-image size-large\"><img loading=\"lazy\" decoding=\"async\" width=\"474\" height=\"457\" data-attachment-id=\"1521\" data-permalink=\"https:\/\/www.grundei.de\/de_DE\/der-neue-riementisch\/grafik6-2\/\" data-orig-file=\"https:\/\/i0.wp.com\/www.grundei.de\/wp-content\/uploads\/2020\/10\/Grafik6-1.jpg?fit=992%2C956&amp;ssl=1\" data-orig-size=\"992,956\" data-comments-opened=\"1\" data-image-meta=\"{&quot;aperture&quot;:&quot;0&quot;,&quot;credit&quot;:&quot;Peterseim&quot;,&quot;camera&quot;:&quot;&quot;,&quot;caption&quot;:&quot;&quot;,&quot;created_timestamp&quot;:&quot;1603472361&quot;,&quot;copyright&quot;:&quot;&quot;,&quot;focal_length&quot;:&quot;0&quot;,&quot;iso&quot;:&quot;0&quot;,&quot;shutter_speed&quot;:&quot;0&quot;,&quot;title&quot;:&quot;&quot;,&quot;orientation&quot;:&quot;0&quot;}\" data-image-title=\"Grafik6\" data-image-description=\"\" data-image-caption=\"\" data-medium-file=\"https:\/\/i0.wp.com\/www.grundei.de\/wp-content\/uploads\/2020\/10\/Grafik6-1.jpg?fit=300%2C289&amp;ssl=1\" data-large-file=\"https:\/\/i0.wp.com\/www.grundei.de\/wp-content\/uploads\/2020\/10\/Grafik6-1.jpg?fit=474%2C457&amp;ssl=1\" src=\"https:\/\/i0.wp.com\/www.grundei.de\/wp-content\/uploads\/2020\/10\/Grafik6-1.jpg?resize=474%2C457&#038;ssl=1\" alt=\"\" class=\"wp-image-1521\" srcset=\"https:\/\/i0.wp.com\/www.grundei.de\/wp-content\/uploads\/2020\/10\/Grafik6-1.jpg?w=992&amp;ssl=1 992w, https:\/\/i0.wp.com\/www.grundei.de\/wp-content\/uploads\/2020\/10\/Grafik6-1.jpg?resize=300%2C289&amp;ssl=1 300w, https:\/\/i0.wp.com\/www.grundei.de\/wp-content\/uploads\/2020\/10\/Grafik6-1.jpg?resize=768%2C740&amp;ssl=1 768w, https:\/\/i0.wp.com\/www.grundei.de\/wp-content\/uploads\/2020\/10\/Grafik6-1.jpg?resize=24%2C24&amp;ssl=1 24w\" sizes=\"(max-width: 474px) 100vw, 474px\" data-recalc-dims=\"1\" \/><\/figure>\n\n\n\n<h2 class=\"wp-block-heading\" style=\"font-size:30px\">Vorteile des neuen Systems 5.0:<\/h2>\n\n\n\n<p><\/p>\n\n\n\n<p class=\"has-medium-font-size\">\u00b7&nbsp;Konstante Hubgeschwindigkeit<\/p>\n\n\n\n<p class=\"has-medium-font-size\">\u00b7&nbsp;Abfrage der Hubposition mittels Motorencoder ist m\u00f6glich<\/p>\n\n\n\n<p class=\"has-medium-font-size\">\u00b7&nbsp;Gleichm\u00e4\u00dfige Auslastung der Frequenzumrichter<\/p>\n\n\n\n<p class=\"has-medium-font-size\">\u00b7&nbsp;Weniger Leistungsaufnahme, es k\u00f6nnen deutlich kleinere Motoren verwendet werden<\/p>\n\n\n\n<p class=\"has-medium-font-size\">\u00b7&nbsp;Kleinere Motoren bedeuten weniger Bauraum notwendig, eine Aufstellung unter dem Hebetisch ist m\u00f6glich. (Auch bei Bauh\u00f6he 285 mm).&nbsp;&nbsp;&nbsp;&nbsp;&nbsp;&nbsp;&nbsp; Bisher mussten die Antriebe neben dem Hebetisch aufgestellt werden.<\/p>\n\n\n\n<p class=\"has-medium-font-size\">\u00b7&nbsp;Performance Level \u201eD\u201c kann erreicht werden<\/p>\n\n\n\n<p class=\"has-medium-font-size\">\u00b7&nbsp;Fangzylinder entfallen , <strong>kein<\/strong> Hydraulik\u00f6l mehr<\/p>\n\n\n\n<p class=\"has-medium-font-size\">\u00b7&nbsp;Stabile \u00dcbergabe in der ausgefahrenen Position. Eine aufw\u00e4ndige, kosten- und wartungsintensive Absteckung kann entfallen.<\/p>\n","protected":false},"excerpt":{"rendered":"<p><!-- wp:heading {\"fontSize\":\"medium\"} --><\/p>\n<h2 class=\"wp-block-heading has-medium-font-size\">Generation 5.0<\/h2>\n<p><!-- \/wp:heading --><\/p>\n<p><!-- wp:paragraph --><\/p>\n<p><!-- \/wp:paragraph --><\/p>\n<p><!-- wp:video {\"id\":2028} --><\/p>\n<figure class=\"wp-block-video\"><...\n<\/p>\n","protected":false},"author":1,"featured_media":0,"parent":0,"menu_order":0,"comment_status":"closed","ping_status":"closed","template":"","meta":{"ngg_post_thumbnail":0,"jetpack_post_was_ever_published":false,"footnotes":""},"jetpack_sharing_enabled":true,"jetpack_shortlink":"https:\/\/wp.me\/P6Gw03-oo","_links":{"self":[{"href":"https:\/\/www.grundei.de\/de_DE\/wp-json\/wp\/v2\/pages\/1512"}],"collection":[{"href":"https:\/\/www.grundei.de\/de_DE\/wp-json\/wp\/v2\/pages"}],"about":[{"href":"https:\/\/www.grundei.de\/de_DE\/wp-json\/wp\/v2\/types\/page"}],"author":[{"embeddable":true,"href":"https:\/\/www.grundei.de\/de_DE\/wp-json\/wp\/v2\/users\/1"}],"replies":[{"embeddable":true,"href":"https:\/\/www.grundei.de\/de_DE\/wp-json\/wp\/v2\/comments?post=1512"}],"version-history":[{"count":16,"href":"https:\/\/www.grundei.de\/de_DE\/wp-json\/wp\/v2\/pages\/1512\/revisions"}],"predecessor-version":[{"id":2030,"href":"https:\/\/www.grundei.de\/de_DE\/wp-json\/wp\/v2\/pages\/1512\/revisions\/2030"}],"wp:attachment":[{"href":"https:\/\/www.grundei.de\/de_DE\/wp-json\/wp\/v2\/media?parent=1512"}],"curies":[{"name":"wp","href":"https:\/\/api.w.org\/{rel}","templated":true}]}}