{"id":350,"date":"2015-04-23T21:52:54","date_gmt":"2015-04-23T19:52:54","guid":{"rendered":"http:\/\/grundei.peterseim.info\/?page_id=350"},"modified":"2015-08-18T13:18:13","modified_gmt":"2015-08-18T11:18:13","slug":"zubehoer","status":"publish","type":"page","link":"https:\/\/www.grundei.de\/de_DE\/zubehoer\/","title":{"rendered":"Zubeh\u00f6r"},"content":{"rendered":"<p>In der Seite Zubeh\u00f6r zeigen wir Ihnen M\u00f6glichkeiten auf, Ihren Hubtisch zu erg\u00e4nzen. Dieses Zubeh\u00f6r kann in vielen F\u00e4llen auch an Bestands-Hubtischen nachger\u00fcstet werden. Sprechen Sie uns an.<\/p>\n","protected":false},"excerpt":{"rendered":"<p>In der Seite Zubeh\u00f6r zeigen wir Ihnen M\u00f6glichkeiten auf, Ihren Hubtisch zu erg\u00e4nzen. Dieses Zubeh\u00f6r kann in vielen F\u00e4llen auch an Bestands-Hubtischen nachger\u00fcstet werden. Sprechen Sie uns an.<\/p>\n<p>&#8230;<\/p>\n","protected":false},"author":1,"featured_media":0,"parent":0,"menu_order":0,"comment_status":"closed","ping_status":"closed","template":"","meta":{"ngg_post_thumbnail":0,"jetpack_post_was_ever_published":false,"footnotes":""},"jetpack_sharing_enabled":true,"jetpack_shortlink":"https:\/\/wp.me\/P6Gw03-5E","_links":{"self":[{"href":"https:\/\/www.grundei.de\/de_DE\/wp-json\/wp\/v2\/pages\/350"}],"collection":[{"href":"https:\/\/www.grundei.de\/de_DE\/wp-json\/wp\/v2\/pages"}],"about":[{"href":"https:\/\/www.grundei.de\/de_DE\/wp-json\/wp\/v2\/types\/page"}],"author":[{"embeddable":true,"href":"https:\/\/www.grundei.de\/de_DE\/wp-json\/wp\/v2\/users\/1"}],"replies":[{"embeddable":true,"href":"https:\/\/www.grundei.de\/de_DE\/wp-json\/wp\/v2\/comments?post=350"}],"version-history":[{"count":9,"href":"https:\/\/www.grundei.de\/de_DE\/wp-json\/wp\/v2\/pages\/350\/revisions"}],"predecessor-version":[{"id":953,"href":"https:\/\/www.grundei.de\/de_DE\/wp-json\/wp\/v2\/pages\/350\/revisions\/953"}],"wp:attachment":[{"href":"https:\/\/www.grundei.de\/de_DE\/wp-json\/wp\/v2\/media?parent=350"}],"curies":[{"name":"wp","href":"https:\/\/api.w.org\/{rel}","templated":true}]}}