{"id":1106,"date":"2016-01-22T12:00:05","date_gmt":"2016-01-22T11:00:05","guid":{"rendered":"https:\/\/grundei.de\/?page_id=1106"},"modified":"2016-01-22T13:14:46","modified_gmt":"2016-01-22T12:14:46","slug":"sms-hebetechnik-de","status":"publish","type":"page","link":"https:\/\/www.grundei.de\/en_GB\/sms-hebetechnik-de\/","title":{"rendered":"SMS-Hebetechnik.de"},"content":{"rendered":"<h1>Die Geschichte des <span style=\"color: #0000ff;\">GRUNDEI Schubmastantriebes<\/span><\/h1>\n<p>&nbsp;<\/p>\n<p>2004 Das Unternehmen <strong>SMS Hebetechnik GmbH<\/strong> wird gegr\u00fcndet und kauft die Vermarktungsrechte<br \/>\ndes Schubmastpatentes.<\/p>\n<hr \/>\n<p>&nbsp;<\/p>\n<p>2005 Die <strong>SMS Hebetechnik GmbH<\/strong> bringt den Schubmast Version 1 auf den Markt.<\/p>\n<ul>\n<li>Schubmastkette:<br \/>\n85 mm lange Glieder Werkstoff Durostone<br \/>\nLaufrollen mit Igusbuchsen gelagert \u00f835 B=15<br \/>\nSchonrollen Igusgelagert \u00f826<\/li>\n<li>Umlenkung:<br \/>\nIgusbuchsen gelagerte Welle<br \/>\nGefr\u00e4ster Zahnradigel, der umgossen wird mit Lauramid<\/p>\n<hr \/>\n<\/li>\n<\/ul>\n<p style=\"text-align: left;\">2009 Die <strong>SMS Hebetechnik GmbH<\/strong> bringt den Schubmast Version 2 auf den Markt.<\/p>\n<ul>\n<li>Schubmastkette:<br \/>\n105 mm lange Glieder Werkstoff Durostone<br \/>\nLaufrollen mit Sankyobuchsen (Bronze) gelagert \u00f835 B=20<br \/>\nSchonrollen Igusgelagert \u00f828<\/li>\n<li>Umlenkung:<br \/>\nINA Flanschlager gelagerte Welle<br \/>\nGegossener Zahnradigel aus GG40 der umgossen wird mit Lauramid<\/li>\n<\/ul>\n<hr \/>\n<p>2010 Die <strong>SMS Hebetechnik GmbH<\/strong> bringt den Schubmast Version 3 auf den Markt.<\/p>\n<ul>\n<li>Schubmastkette:<br \/>\nLaufrollen von INA PWTR 17<\/li>\n<\/ul>\n<hr \/>\n<p>2011 Die<span style=\"color: #0000ff;\"><strong> GRUNDEI Hebetische Verladetechnik GmbH<\/strong><\/span> kauft das Patent \u201eSchubmast\u201c und beginnt mit\u00a0umfangreichen Tests. Es wird eine eigene Halle f\u00fcr Schubmasttests bereitgestellt. 4 Hubtische laufen rund um die Uhr, um die Angaben der Firma SMS Hebetechik GmbH zu verifizieren.<br \/>\nAugenmerk liegt auf Haltbarkeit und Geschwindigkeit. Um den aufgetretenen Polygoneffekt bei einer Geschwindigkeit von 200 mm je Sekunde zu minimieren, wird ein 19 Z\u00e4hne Zahnrad entwickelt.<\/p>\n<ul>\n<li>Um die Ergebnisse zu verifizieren werden die Schubmastzahnr\u00e4der alle 500.000 Zyklen ger\u00f6ntgt.<br \/>\nAlle Teile werden periodisch auf Ma\u00dfhaltigkeit und damit auf Verschlei\u00df mit einer 3 Achsen Messmaschiene gemessen.<br \/>\nTest des 19 Z\u00e4hneantriebs l\u00e4uft. Stand 1.2.2013: 1,9 Millionen Zyklen.<\/li>\n<\/ul>\n<hr \/>\n<p>2012 Die<span style=\"color: #0000ff;\"><strong> GRUNDEI Hebetische Verladetechnik GmbH<\/strong><\/span> \u00fcberarbeitet den Schubmast. In den Tests und \u00fcber Gespr\u00e4che mit Kunden der SMS Hebetechnik GmbH haben sich Verbesserungsm\u00f6glichkeiten in der Auslegung des Schubmastes gezeigt, die wie folgt umgesetzt wurden:<\/p>\n<ul>\n<li>Schubmast<br \/>\nMaterial der Glieder ge\u00e4ndert<br \/>\nLaufrolle ge\u00e4ndert<br \/>\nBolzen optimiert<br \/>\nSchubmastkopf ge\u00e4ndert<br \/>\nSchonrolle ge\u00e4ndert<br \/>\nAchsen Material ge\u00e4ndert<\/li>\n<li>Umlenkung Z=8<br \/>\nZahnrad Kontur ge\u00e4ndert<br \/>\nGu\u00dfigel mit grossen Radien versehen<br \/>\nGu\u00dfigel Material getauscht GGG60<br \/>\nNiederhalter eingef\u00fcgt<\/li>\n<li>Umlenkung Z=19<br \/>\nNeue Umlenkung entwickelt, um eine h\u00f6here Hubgeschwindigkeit fahren zu k\u00f6nnen, ohne Polygoneffekt.<\/li>\n<\/ul>\n<p>&nbsp;<\/p>\n<p><a href=\"https:\/\/grundei.de\/wp-content\/uploads\/2016\/01\/BXX-SCHUBMAST1-I.pdf\">BXX-SCHUBMAST1-I<\/a><\/p>\n","protected":false},"excerpt":{"rendered":"<p>Die Geschichte des GRUNDEI Schubmastantriebes &nbsp; 2004 Das Unternehmen SMS Hebetechnik GmbH wird gegr\u00fcndet und kauft die Vermarktungsrechte des Schubmastpatentes. &nbsp; 2005 Die SMS Hebetechnik GmbH bringt den Schubmast Version 1 auf den Markt. Schubmastkette: 85 mm lange Glieder Werkstoff Durostone Laufrollen mit Igusbuchsen gelagert \u00f835 B=15 Schonrollen Igusgelagert \u00f826 Umlenkung: Igusbuchsen gelagerte Welle Gefr\u00e4ster &hellip; <a href=\"https:\/\/www.grundei.de\/en_GB\/sms-hebetechnik-de\/\" class=\"more-link\"><span class=\"screen-reader-text\">SMS-Hebetechnik.de<\/span> weiterlesen <span class=\"meta-nav\">&rarr;<\/span><\/a><\/p>\n","protected":false},"author":1,"featured_media":0,"parent":0,"menu_order":0,"comment_status":"closed","ping_status":"closed","template":"","meta":{"ngg_post_thumbnail":0,"jetpack_post_was_ever_published":false,"footnotes":""},"jetpack_sharing_enabled":true,"jetpack_shortlink":"https:\/\/wp.me\/P6Gw03-hQ","_links":{"self":[{"href":"https:\/\/www.grundei.de\/en_GB\/wp-json\/wp\/v2\/pages\/1106"}],"collection":[{"href":"https:\/\/www.grundei.de\/en_GB\/wp-json\/wp\/v2\/pages"}],"about":[{"href":"https:\/\/www.grundei.de\/en_GB\/wp-json\/wp\/v2\/types\/page"}],"author":[{"embeddable":true,"href":"https:\/\/www.grundei.de\/en_GB\/wp-json\/wp\/v2\/users\/1"}],"replies":[{"embeddable":true,"href":"https:\/\/www.grundei.de\/en_GB\/wp-json\/wp\/v2\/comments?post=1106"}],"version-history":[{"count":7,"href":"https:\/\/www.grundei.de\/en_GB\/wp-json\/wp\/v2\/pages\/1106\/revisions"}],"predecessor-version":[{"id":1115,"href":"https:\/\/www.grundei.de\/en_GB\/wp-json\/wp\/v2\/pages\/1106\/revisions\/1115"}],"wp:attachment":[{"href":"https:\/\/www.grundei.de\/en_GB\/wp-json\/wp\/v2\/media?parent=1106"}],"curies":[{"name":"wp","href":"https:\/\/api.w.org\/{rel}","templated":true}]}}