{"id":379,"date":"2015-04-23T22:12:31","date_gmt":"2015-04-23T20:12:31","guid":{"rendered":"http:\/\/grundei.peterseim.info\/?page_id=379"},"modified":"2015-08-19T10:46:32","modified_gmt":"2015-08-19T08:46:32","slug":"schubmasttechnik","status":"publish","type":"page","link":"https:\/\/www.grundei.de\/en_GB\/schubmasttechnik\/","title":{"rendered":"Rigid chain technology"},"content":{"rendered":"<p><strong>Vorteile des Hubtisches mit Schubmast-Antrieb:<\/strong> Die Funktion des Schubmastes ist es, den Hubtisch an der Plattform zu greifen und anzuheben. Bei dieser Funktion wird die Kraft nicht mehr in die Schere eingeleitet, sondern die Schere dient nur noch der F\u00fchrung des Hubtisches. Anstatt das ca. 7-fache der Kraft aufzuwenden, wie z.B. bei einem hydraulischen Hubtisch, wird bei einem Hubtisch mit Schubmastantrieb die Kraft 1:1 weitergegeben. Hierdurch werden die Lager und Wellen des Scherenpaketes entlastet.\u00a0 Ein weiterer Vorteil ist, dass der Antrieb ohne Hydraulik\u00f6l auskommt.\u00a0 Ebenso muss der patentierte GRUNDEI-Schubmast nicht geschmiert werden.\u00a0 Der Schubmast bietet aufgrund seiner Steifigkeit eine hohe Positionier- und Haltegenauigkeit, die auch bei mehrt\u00e4tigen Standzeiten nicht verloren geht. Desweiteren gibt es keine Positionierabweichungen, wie diese bei Riemenhubtischen, durch Dehnung des Flachriemens oder bei hydraulischen Hubtischen, durch Ventilundichtigkeiten, vorkommen. Durch den Einsatz diverser Antriebsr\u00e4der, die auf den Einsatz des Hubtisches abgestimmt sind, k\u00f6nnen unterschiedliche Bauh\u00f6hen und vor allem auch Geschwindigkeiten realisiert werden. Derzeit k\u00f6nnen wir Geschwindigkeiten von 0 bis 500 mm\/s realisieren. Im Einzelfall k\u00f6nnen auch h\u00f6here Geschwindigkeiten umgesetzt werden.\u00a0 Nicht zuletzt muss man die Wartungsarmut des Schubmastes\u00a0 hervorheben:<\/p>\n<ul>\n<li>keine regelm\u00e4\u00dfigen Schmierarbeiten<\/li>\n<li>berechnete Lebensdauer der Verschlei\u00dfteile: 2 Mio. H\u00fcbe<\/li>\n<li>s\u00e4mtliche Bauteile sind schnell und gut zu erreichen<\/li>\n<li>geringe Ersatzteilhaltung<\/li>\n<li>der Austausch des Schubmastes dauert nur wenige Minuten<\/li>\n<\/ul>\n<p>Da bei uns jeder Hubtisch auf Ihre speziellen Bed\u00fcrfnisse konstruiert wird, bedenken wir auch, dass die punktuelle Lasteinleitung in der Stabilit\u00e4t des Oberrahmens bedacht ist und das wir durch Verwendung gef\u00fchrter Laufrollen und optimaler Positionierung des Schubmastes im Gesamtsystem das sogenannte Aushebeln der Hubschere vermeiden.<\/p>\n","protected":false},"excerpt":{"rendered":"<p><strong>Vorteile des Hubtisches mit Schubmast-Antrieb:<\/strong> Die Funktion des Schubmastes ist es, den Hubtisch an der Plattform zu greifen und anzuheben. Bei dieser Funktion wird die Kraft nicht mehr in die Schere eingeleitet, sondern die Scher&#8230;<\/p>\n","protected":false},"author":1,"featured_media":0,"parent":0,"menu_order":0,"comment_status":"closed","ping_status":"closed","template":"","meta":{"ngg_post_thumbnail":0,"jetpack_post_was_ever_published":false,"footnotes":""},"jetpack_sharing_enabled":true,"jetpack_shortlink":"https:\/\/wp.me\/P6Gw03-67","_links":{"self":[{"href":"https:\/\/www.grundei.de\/en_GB\/wp-json\/wp\/v2\/pages\/379"}],"collection":[{"href":"https:\/\/www.grundei.de\/en_GB\/wp-json\/wp\/v2\/pages"}],"about":[{"href":"https:\/\/www.grundei.de\/en_GB\/wp-json\/wp\/v2\/types\/page"}],"author":[{"embeddable":true,"href":"https:\/\/www.grundei.de\/en_GB\/wp-json\/wp\/v2\/users\/1"}],"replies":[{"embeddable":true,"href":"https:\/\/www.grundei.de\/en_GB\/wp-json\/wp\/v2\/comments?post=379"}],"version-history":[{"count":9,"href":"https:\/\/www.grundei.de\/en_GB\/wp-json\/wp\/v2\/pages\/379\/revisions"}],"predecessor-version":[{"id":1030,"href":"https:\/\/www.grundei.de\/en_GB\/wp-json\/wp\/v2\/pages\/379\/revisions\/1030"}],"wp:attachment":[{"href":"https:\/\/www.grundei.de\/en_GB\/wp-json\/wp\/v2\/media?parent=379"}],"curies":[{"name":"wp","href":"https:\/\/api.w.org\/{rel}","templated":true}]}}